{"id":6,"date":"2019-11-25T00:32:55","date_gmt":"2019-11-25T03:32:55","guid":{"rendered":"http:\/\/tekne.eti.br\/?page_id=6"},"modified":"2021-06-28T22:34:18","modified_gmt":"2021-06-29T01:34:18","slug":"o-novo-umoma-abre-suas-portas-2","status":"publish","type":"page","link":"https:\/\/tekne.eti.br\/","title":{"rendered":"Powered by hardwork."},"content":{"rendered":"\n<div class=\"wp-block-group alignwide\"><div class=\"wp-block-group__inner-container is-layout-flow wp-block-group-is-layout-flow\">\n<blockquote class=\"wp-block-quote is-layout-flow wp-block-quote-is-layout-flow\"><p>O nosso site est\u00e1 em constru\u00e7\u00e3o. Volte logo para saber mais sobre nossos servi\u00e7os. Se precisar, entre em<a href=\"https:\/\/tekne.eti.br\/index.php\/contato\/\" data-type=\"page\" data-id=\"8\" target=\"_blank\" rel=\"noreferrer noopener\"> contato<\/a>.<\/p><\/blockquote>\n\n\n\n<p>A Tekne Solu\u00e7\u00f5es Tecnol\u00f3gicas \u00e9 uma empresa de tecnologia de desenvolvimento e consultoria focada em transforma\u00e7\u00e3o digital e estrutural. <\/p>\n\n\n\n<p>A Tekne ampara as empresas em solu\u00e7\u00f5es complexas de desenvolvimento de aplica\u00e7\u00f5es web, mobile apps para todas plataformas e integra\u00e7\u00f5es complexas. <\/p>\n\n\n\n<p>A Tekne tamb\u00e9m atua em consultoria de Tecnologia e GRC (governan\u00e7a, risco e <em>compliance<\/em>), especialmente em Seguran\u00e7a da Informa\u00e7\u00e3o, programas de adequa\u00e7\u00e3o \u00e0 LGPD, gest\u00e3o da privacidade e outros desafios de governan\u00e7a, risco e conformidade (G.R.C.)<\/p>\n<\/div><\/div>\n\n\n\n<p><\/p>\n","protected":false},"excerpt":{"rendered":"<p>O nosso site est\u00e1 em constru\u00e7\u00e3o. Volte logo para saber mais sobre nossos servi\u00e7os. Se precisar, entre em contato. A Tekne Solu\u00e7\u00f5es Tecnol\u00f3gicas \u00e9 uma empresa de tecnologia de desenvolvimento e consultoria focada em transforma\u00e7\u00e3o digital e estrutural. A Tekne ampara as empresas em solu\u00e7\u00f5es complexas de desenvolvimento de aplica\u00e7\u00f5es web, mobile apps para todas<\/p><\/div>\n<div class=\"blog-btn\"><a href=\"https:\/\/tekne.eti.br\/\" class=\"home-blog-btn\">Ler mais<\/a><\/p>\n","protected":false},"author":1,"featured_media":0,"parent":0,"menu_order":0,"comment_status":"closed","ping_status":"closed","template":"template-business.php","meta":{"spay_email":"","footnotes":""},"class_list":["post-6","page","type-page","status-publish","hentry"],"jetpack_sharing_enabled":true,"jetpack_likes_enabled":true,"_links":{"self":[{"href":"https:\/\/tekne.eti.br\/index.php\/wp-json\/wp\/v2\/pages\/6","targetHints":{"allow":["GET"]}}],"collection":[{"href":"https:\/\/tekne.eti.br\/index.php\/wp-json\/wp\/v2\/pages"}],"about":[{"href":"https:\/\/tekne.eti.br\/index.php\/wp-json\/wp\/v2\/types\/page"}],"author":[{"embeddable":true,"href":"https:\/\/tekne.eti.br\/index.php\/wp-json\/wp\/v2\/users\/1"}],"replies":[{"embeddable":true,"href":"https:\/\/tekne.eti.br\/index.php\/wp-json\/wp\/v2\/comments?post=6"}],"version-history":[{"count":17,"href":"https:\/\/tekne.eti.br\/index.php\/wp-json\/wp\/v2\/pages\/6\/revisions"}],"predecessor-version":[{"id":229,"href":"https:\/\/tekne.eti.br\/index.php\/wp-json\/wp\/v2\/pages\/6\/revisions\/229"}],"wp:attachment":[{"href":"https:\/\/tekne.eti.br\/index.php\/wp-json\/wp\/v2\/media?parent=6"}],"curies":[{"name":"wp","href":"https:\/\/api.w.org\/{rel}","templated":true}]}}