{"id":11081,"date":"2022-10-05T15:39:33","date_gmt":"2022-10-05T18:39:33","guid":{"rendered":"https:\/\/tekne.eti.br\/?page_id=11081"},"modified":"2022-10-07T03:08:48","modified_gmt":"2022-10-07T06:08:48","slug":"mercado","status":"publish","type":"page","link":"https:\/\/tekne.eti.br\/index.php\/mercado\/","title":{"rendered":"Teste Stockdio"},"content":{"rendered":"\n<p>Vis\u00e3o geral do mercado brasileiro de a\u00e7\u00f5es e \u00edndices<\/p>\n\n\n<iframe referrerpolicy=\"no-referrer-when-downgrade\" id=\"53e2fdbb-ba6b-e754-0f31-c1e6dcf2470b\" frameBorder=\"0\" class=\"stockdio_market_overview\" scrolling=\"no\" width=\"100%\"  src=\"https:\/\/api.stockdio.com\/visualization\/financial\/charts\/v1\/marketoverviewchart?app-key=52114DEB7633405A9002C49539916A27&#038;wp=1&#038;addVolume=false&#038;showUserMenu=false&#038;culture=Portuguese-Brasil&#038;palette=Financial-Light&#038;motif=Financial&#038;title=VIs%C3%A3o+geral%3A+B%26MF+e+Bovespa&#038;stockExchange=Bovespa&#038;equities=B1SA34%3BUSIM3%3BTASA4%3BT1AM34%3BBBDC3%3BAMAR3%3BEVEN3%3BEZTC3&#038;logoMaxHeight=20&#038;logoMaxWidth=90&#038;includeEquities=true&#038;includeIndices=true&#038;includeCommodities=true&#038;includeCurrencies=true&#038;includeLogo=true&#038;includeEquitiesSymbol=true&#038;includeEquitiesName=true&#038;includeIndiceSymbol=false&#038;includeIncidesName=false&#038;includeCommoditiesSymbol=true&#038;includeCommoditiesName=true&#038;includeCurrenciesSymbol=true&#038;includeCurrenciesName=true&#038;allowSort=true&#038;includePrice=true&#038;includeChange=true&#038;includePercentChange=true&#038;includeTrend=true&#038;includeVolume=true&#038;showHeader=true&#038;showBorderAndTitle=true&#038;displayPrices=Candlestick&#038;allowPeriodChange=true&#038;chartHeight=200px&#038;width=100%25&#038;intraday=true&#038;onload=53e2fdbb-ba6b-e754-0f31-c1e6dcf2470b\"><\/iframe>\n\n<iframe referrerpolicy=\"no-referrer-when-downgrade\" id=\"c8879a0c-7bbc-d56f-0b45-f8c08b4f3819\" frameBorder=\"0\" class=\"stockdio_news\" scrolling=\"no\" width=\"100%\"  src=\"https:\/\/api.stockdio.com\/visualization\/financial\/charts\/v1\/news?app-key=52114DEB7633405A9002C49539916A27&#038;wp=1&#038;addVolume=false&#038;symbol=AAPL34&#038;stockExchange=Bovespa&#038;culture=Portuguese-Brasil&#038;palette=Financial-Light&#038;motif=Whitespace&#038;title=Company+e+stock+news&#038;includeImage=true&#038;includeDescription=true&#038;includeRelated=true&#038;width=100%25&#038;onload=c8879a0c-7bbc-d56f-0b45-f8c08b4f3819\"><\/iframe>\n\n<iframe referrerpolicy=\"no-referrer-when-downgrade\" id=\"7f20ee63-e9fa-c4aa-e816-54855fe4b686\" frameBorder=\"0\" class=\"stockdio_ticker\" scrolling=\"no\" width=\"100%\"  src=\"https:\/\/api.stockdio.com\/visualization\/financial\/charts\/v1\/ticker?app-key=52114DEB7633405A9002C49539916A27&#038;wp=1&#038;addVolume=false&#038;symbols=%5ESPX%3BXLK%3BAAPL%3BACN%3BADBE%3BADI%3BADP%3BADSK%3BAKAM%3BAMAT%3BAPH%3BCRM%3BCSCO%3BCTSH%3BCTXS%3BFFIV%3BFIS%3BFISV%3BFLIR%3BGLW%3BHPQ%3BIBM%3BINTC%3BINTU%3BJNPR%3BKLAC%3BLRCX%3BMA%3BMCHP%3BMSFT%3BMSI%3BMU%3BNTAP%3BNVDA%3BORCL%3BPAYX%3BQCOM%3BSTX%3BTEL%3BTXN%3BV%3BVRSN%3BWDC%3BWU%3BXLNX%3BXRX%3BAVGO%3BSWKS%3BQRVO%3BPYPL%3BHPE%3BGPN%3BSNPS%3BAMD%3BDXC%3BIT%3BANSS%3BCDNS%3BIPGP%3BBR%3BFLT%3BANET%3BFTNT%3BKEYS%3BJKHY%3BMXIM%3BLDOS%3BCDW%3BNLOK%3BNOW%3BZBRA%3BPAYC%3BTYL&#038;stockExchange=NYSENasdaq&#038;scroll=auto&#038;layoutType=14&#038;culture=normal&#038;speed=normal&#038;palette=Financial-Light&#038;motif=Financial&#038;backgroundColor=transparent&#038;width=100%25&#038;onload=7f20ee63-e9fa-c4aa-e816-54855fe4b686\"><\/iframe>","protected":false},"excerpt":{"rendered":"<p>Vis\u00e3o geral do mercado brasileiro de a\u00e7\u00f5es e \u00edndices<\/p>\n","protected":false},"author":1,"featured_media":0,"parent":0,"menu_order":0,"comment_status":"closed","ping_status":"closed","template":"","meta":{"spay_email":"","footnotes":""},"class_list":["post-11081","page","type-page","status-publish","hentry"],"jetpack_sharing_enabled":true,"jetpack_likes_enabled":true,"_links":{"self":[{"href":"https:\/\/tekne.eti.br\/index.php\/wp-json\/wp\/v2\/pages\/11081","targetHints":{"allow":["GET"]}}],"collection":[{"href":"https:\/\/tekne.eti.br\/index.php\/wp-json\/wp\/v2\/pages"}],"about":[{"href":"https:\/\/tekne.eti.br\/index.php\/wp-json\/wp\/v2\/types\/page"}],"author":[{"embeddable":true,"href":"https:\/\/tekne.eti.br\/index.php\/wp-json\/wp\/v2\/users\/1"}],"replies":[{"embeddable":true,"href":"https:\/\/tekne.eti.br\/index.php\/wp-json\/wp\/v2\/comments?post=11081"}],"version-history":[{"count":8,"href":"https:\/\/tekne.eti.br\/index.php\/wp-json\/wp\/v2\/pages\/11081\/revisions"}],"predecessor-version":[{"id":11087,"href":"https:\/\/tekne.eti.br\/index.php\/wp-json\/wp\/v2\/pages\/11081\/revisions\/11087"}],"wp:attachment":[{"href":"https:\/\/tekne.eti.br\/index.php\/wp-json\/wp\/v2\/media?parent=11081"}],"curies":[{"name":"wp","href":"https:\/\/api.w.org\/{rel}","templated":true}]}}